{"id":4576,"date":"2025-10-31T08:29:08","date_gmt":"2025-10-31T08:29:08","guid":{"rendered":"https:\/\/spitalmioveni.ro\/?page_id=4576"},"modified":"2025-11-11T12:48:56","modified_gmt":"2025-11-11T12:48:56","slug":"anunturi-atribuire-contracte","status":"publish","type":"page","link":"https:\/\/spitalmioveni.ro\/index.php\/anunturi-atribuire-contracte\/","title":{"rendered":"Anun\u021buri atribuire contracte"},"content":{"rendered":"\n<h5 class=\"wp-block-heading\">A FOST ATRIBUIT CONTRACTUL NR 96\/30. 07.2024 servicii diverse \u00een valoare de 3.654.000 lei f\u0103r\u0103 tva \u00eencheiat cu societatea Servicii Generale Mioveni.<\/h5>\n\n\n\n<h5 class=\"wp-block-heading\">A FOST ATRIBUIT CONTRACTUL NR 95\/30. 07.2024 servicii de mentenan\u021b\u0103&nbsp; \u00een valoare de 2.130.000 lei f\u0103r\u0103 tva \u00eencheiat cu societatea Servicii Generale Mioveni.<\/h5>\n\n\n\n<p><strong>A FOST ATRIBUIT CONTRACTUL\u00a0\/ ACORD CADRU NR 2779\/27.04.2023 servicii\u00a0 de paz\u0103 \u00een valoare de 3.025 528, 80\u00a0 lei\u00a0 f\u0103r\u0103 tva \u00eencheiat cu societatea Soimul Securiti PROTECT.<\/strong><\/p>\n","protected":false},"excerpt":{"rendered":"<p>A FOST ATRIBUIT CONTRACTUL NR 96\/30. 07.2024 servicii diverse \u00een valoare de 3.654.000 lei f\u0103r\u0103 tva \u00eencheiat cu societatea Servicii Generale Mioveni. A FOST ATRIBUIT CONTRACTUL NR 95\/30. 07.2024 servicii de mentenan\u021b\u0103&nbsp; \u00een valoare de 2.130.000 lei f\u0103r\u0103 tva \u00eencheiat cu societatea Servicii Generale Mioveni. A FOST ATRIBUIT CONTRACTUL\u00a0\/ ACORD CADRU NR 2779\/27.04.2023 servicii\u00a0 de [&hellip;]<\/p>\n","protected":false},"author":1,"featured_media":0,"parent":0,"menu_order":0,"comment_status":"closed","ping_status":"closed","template":"","meta":{"footnotes":""},"class_list":["post-4576","page","type-page","status-publish","hentry"],"_links":{"self":[{"href":"https:\/\/spitalmioveni.ro\/index.php\/wp-json\/wp\/v2\/pages\/4576","targetHints":{"allow":["GET"]}}],"collection":[{"href":"https:\/\/spitalmioveni.ro\/index.php\/wp-json\/wp\/v2\/pages"}],"about":[{"href":"https:\/\/spitalmioveni.ro\/index.php\/wp-json\/wp\/v2\/types\/page"}],"author":[{"embeddable":true,"href":"https:\/\/spitalmioveni.ro\/index.php\/wp-json\/wp\/v2\/users\/1"}],"replies":[{"embeddable":true,"href":"https:\/\/spitalmioveni.ro\/index.php\/wp-json\/wp\/v2\/comments?post=4576"}],"version-history":[{"count":5,"href":"https:\/\/spitalmioveni.ro\/index.php\/wp-json\/wp\/v2\/pages\/4576\/revisions"}],"predecessor-version":[{"id":4636,"href":"https:\/\/spitalmioveni.ro\/index.php\/wp-json\/wp\/v2\/pages\/4576\/revisions\/4636"}],"wp:attachment":[{"href":"https:\/\/spitalmioveni.ro\/index.php\/wp-json\/wp\/v2\/media?parent=4576"}],"curies":[{"name":"wp","href":"https:\/\/api.w.org\/{rel}","templated":true}]}}