{"id":4555,"date":"2025-10-07T09:24:27","date_gmt":"2025-10-07T09:24:27","guid":{"rendered":"https:\/\/spitalmioveni.ro\/?page_id=4555"},"modified":"2026-04-26T04:56:59","modified_gmt":"2026-04-26T04:56:59","slug":"meniuri-pe-regimuri-saptamana-in-curs","status":"publish","type":"page","link":"https:\/\/spitalmioveni.ro\/index.php\/meniuri-pe-regimuri-saptamana-in-curs\/","title":{"rendered":"Meniuri pe Regimuri \u2013 S\u0103pt\u0103m\u00e2na \u00een Curs"},"content":{"rendered":"\n<div data-wp-interactive=\"core\/file\" class=\"wp-block-file\"><object data-wp-bind--hidden=\"!state.hasPdfPreview\" hidden class=\"wp-block-file__embed\" data=\"https:\/\/spitalmioveni.ro\/wp-content\/uploads\/2026\/04\/Meniuri-27.04-03.05.2026.2026.numbers.pdf\" type=\"application\/pdf\" style=\"width:100%;height:600px\" aria-label=\"\u00cenglobare pentru Meniuri 27.04 - 03.05.2026.2026..\"><\/object><a id=\"wp-block-file--media-c4eaa260-1c39-4a7e-a57f-a79ff66d690b\" href=\"https:\/\/spitalmioveni.ro\/wp-content\/uploads\/2026\/04\/Meniuri-27.04-03.05.2026.2026.numbers.pdf\">Meniuri 27.04 &#8211; 03.05.2026.2026.<\/a><a href=\"https:\/\/spitalmioveni.ro\/wp-content\/uploads\/2026\/04\/Meniuri-27.04-03.05.2026.2026.numbers.pdf\" class=\"wp-block-file__button wp-element-button\" download aria-describedby=\"wp-block-file--media-c4eaa260-1c39-4a7e-a57f-a79ff66d690b\">&#8230;<\/a><\/div>\n\n\n\n<div data-wp-interactive=\"core\/file\" class=\"wp-block-file\"><object data-wp-bind--hidden=\"!state.hasPdfPreview\" hidden class=\"wp-block-file__embed\" data=\"https:\/\/spitalmioveni.ro\/wp-content\/uploads\/2026\/04\/Meniuri-20-26.04.2026.pdf\" type=\"application\/pdf\" style=\"width:100%;height:600px\" aria-label=\"\u00cenglobare pentru Meniuri 20-26.04.2026.\"><\/object><a id=\"wp-block-file--media-276db39d-14a4-45ca-8770-0f25d9763d8a\" href=\"https:\/\/spitalmioveni.ro\/wp-content\/uploads\/2026\/04\/Meniuri-20-26.04.2026.pdf\">Meniuri 20-26.04.2026<\/a><a href=\"https:\/\/spitalmioveni.ro\/wp-content\/uploads\/2026\/04\/Meniuri-20-26.04.2026.pdf\" class=\"wp-block-file__button wp-element-button\" download aria-describedby=\"wp-block-file--media-276db39d-14a4-45ca-8770-0f25d9763d8a\">&#8230;<\/a><\/div>\n","protected":false},"excerpt":{"rendered":"","protected":false},"author":1,"featured_media":0,"parent":0,"menu_order":0,"comment_status":"closed","ping_status":"closed","template":"","meta":{"footnotes":""},"class_list":["post-4555","page","type-page","status-publish","hentry"],"_links":{"self":[{"href":"https:\/\/spitalmioveni.ro\/index.php\/wp-json\/wp\/v2\/pages\/4555","targetHints":{"allow":["GET"]}}],"collection":[{"href":"https:\/\/spitalmioveni.ro\/index.php\/wp-json\/wp\/v2\/pages"}],"about":[{"href":"https:\/\/spitalmioveni.ro\/index.php\/wp-json\/wp\/v2\/types\/page"}],"author":[{"embeddable":true,"href":"https:\/\/spitalmioveni.ro\/index.php\/wp-json\/wp\/v2\/users\/1"}],"replies":[{"embeddable":true,"href":"https:\/\/spitalmioveni.ro\/index.php\/wp-json\/wp\/v2\/comments?post=4555"}],"version-history":[{"count":53,"href":"https:\/\/spitalmioveni.ro\/index.php\/wp-json\/wp\/v2\/pages\/4555\/revisions"}],"predecessor-version":[{"id":4855,"href":"https:\/\/spitalmioveni.ro\/index.php\/wp-json\/wp\/v2\/pages\/4555\/revisions\/4855"}],"wp:attachment":[{"href":"https:\/\/spitalmioveni.ro\/index.php\/wp-json\/wp\/v2\/media?parent=4555"}],"curies":[{"name":"wp","href":"https:\/\/api.w.org\/{rel}","templated":true}]}}