{"id":4152,"date":"2025-05-12T09:31:22","date_gmt":"2025-05-12T09:31:22","guid":{"rendered":"https:\/\/spitalmioveni.ro\/?page_id=4152"},"modified":"2025-05-12T09:34:50","modified_gmt":"2025-05-12T09:34:50","slug":"multumim-asociatiei-impreuna-daruim-sanatate","status":"publish","type":"page","link":"https:\/\/spitalmioveni.ro\/index.php\/multumim-asociatiei-impreuna-daruim-sanatate\/","title":{"rendered":"\u201eMul\u021bumim!\u201d Asocia\u021biei \u201e\u00cempreun\u0103 D\u0103ruim S\u0103n\u0103tate\u201d"},"content":{"rendered":"\n<p><strong>\u00cempreun\u0103 pentru s\u0103n\u0103tatea comunit\u0103\u021bii!<\/strong><\/p>\n\n\n\n<p>Spitalul Or\u0103\u0219enesc Mioveni adreseaz\u0103 un sincer \u201eMul\u021bumim!\u201d Asocia\u021biei \u201e\u00cempreun\u0103 D\u0103ruim S\u0103n\u0103tate\u201d, care a fost din nou al\u0103turi de noi \u2013 \u0219i, mai ales, de pacien\u021bii no\u0219tri \u2013 printr-o dona\u021bie extrem de valoroas\u0103.<\/p>\n\n\n\n<p>\ud83c\udfe5 Cu sprijinul lor, blocul operator a fost dotat cu un Ureteroscop Storz de ultim\u0103 genera\u021bie, care ne permite s\u0103 realiz\u0103m interven\u021bii urologice minim invazive, precum:<\/p>\n\n\n\n<p>extragerea pietrelor de la nivelul rinichilor sau ureterelor.<\/p>\n\n\n\n<p>tratarea stricturilor,<\/p>\n\n\n\n<p>Diagnosticarea si managementul unor obstructii renale<\/p>\n\n\n\n<p>\ud83e\udec0 \u00cen plus, Sec\u021bia de Anestezie \u0219i Terapie Intensiv\u0103 (ATI) beneficiaz\u0103 acum de o sta\u021bie central\u0103 de monitorizare Mindray, care permite supravegherea continu\u0103 a func\u021biilor vitale ale pacien\u021bilor critici. Aceasta este esen\u021bial\u0103 \u00een cazuri precum:<\/p>\n\n\n\n<p>tulbur\u0103ri cardio-vasculare severe,<\/p>\n\n\n\n<p>infarct miocardic,<\/p>\n\n\n\n<p>\u0219oc septic sau alte situa\u021bii de risc major pentru via\u021b\u0103.<\/p>\n\n\n\n<p>\u2705 Acest sistem avansat de monitorizare permite un r\u0103spuns terapeutic prompt, oferind echipei medicale informa\u021bii vitale \u00een timp real \u0219i contribuind la siguranta pacientului.<\/p>\n\n\n\n<p>\ud83e\udd1d Aceste echipamente \u00eenseamn\u0103 mai mult dec\u00e2t tehnologie: \u00eenseamn\u0103 \u0219ansa la tratamente mai bune, la siguran\u021b\u0103 \u0219i la speran\u021b\u0103.<\/p>\n\n\n\n<p>V\u0103 mul\u021bumim c\u0103 alege\u021bi s\u0103 fi\u021bi parte din efortul nostru de a oferi \u00eengrijire medical\u0103 de calitate, aici, \u00een comunitatea noastr\u0103! \u2764\ufe0f<\/p>\n\n\n\n<figure class=\"wp-block-gallery has-nested-images columns-default is-cropped wp-block-gallery-1 is-layout-flex wp-block-gallery-is-layout-flex\">\n<figure class=\"wp-block-image size-large\"><img fetchpriority=\"high\" decoding=\"async\" width=\"1536\" height=\"2048\" data-id=\"4141\" src=\"https:\/\/spitalmioveni.ro\/wp-content\/uploads\/2025\/05\/WhatsApp-Image-2025-05-07-at-12.53.32-6.jpeg\" alt=\"\" class=\"wp-image-4141\"\/><\/figure>\n\n\n\n<figure class=\"wp-block-image size-large\"><img decoding=\"async\" width=\"1536\" height=\"2048\" data-id=\"4142\" src=\"https:\/\/spitalmioveni.ro\/wp-content\/uploads\/2025\/05\/WhatsApp-Image-2025-05-07-at-12.53.32-5.jpeg\" alt=\"\" class=\"wp-image-4142\"\/><\/figure>\n\n\n\n<figure class=\"wp-block-image size-large\"><img decoding=\"async\" width=\"2048\" height=\"1536\" data-id=\"4143\" src=\"https:\/\/spitalmioveni.ro\/wp-content\/uploads\/2025\/05\/WhatsApp-Image-2025-05-07-at-12.53.32-4.jpeg\" alt=\"\" class=\"wp-image-4143\"\/><\/figure>\n\n\n\n<figure class=\"wp-block-image size-large\"><img loading=\"lazy\" decoding=\"async\" width=\"2048\" height=\"1536\" data-id=\"4144\" src=\"https:\/\/spitalmioveni.ro\/wp-content\/uploads\/2025\/05\/WhatsApp-Image-2025-05-07-at-12.53.32-2.jpeg\" alt=\"\" class=\"wp-image-4144\"\/><\/figure>\n\n\n\n<figure class=\"wp-block-image size-large\"><img loading=\"lazy\" decoding=\"async\" width=\"2048\" height=\"1536\" data-id=\"4145\" src=\"https:\/\/spitalmioveni.ro\/wp-content\/uploads\/2025\/05\/WhatsApp-Image-2025-05-07-at-12.53.31-3.jpeg\" alt=\"\" class=\"wp-image-4145\"\/><\/figure>\n\n\n\n<figure class=\"wp-block-image size-large\"><img loading=\"lazy\" decoding=\"async\" width=\"1536\" height=\"2048\" data-id=\"4147\" src=\"https:\/\/spitalmioveni.ro\/wp-content\/uploads\/2025\/05\/rrrrage-2025-05-11-at-11.42.37-4-copy.jpg\" alt=\"\" class=\"wp-image-4147\"\/><\/figure>\n\n\n\n<figure class=\"wp-block-image size-large\"><img loading=\"lazy\" decoding=\"async\" width=\"2048\" height=\"1536\" data-id=\"4148\" src=\"https:\/\/spitalmioveni.ro\/wp-content\/uploads\/2025\/05\/WhatsApp-Image-2025-05-07-at-12.53.31-2-copy.jpg\" alt=\"\" class=\"wp-image-4148\"\/><\/figure>\n<\/figure>\n\n\n\n<p>SpitalulOrasenescMioveni #Multumim #ImpreunaDaruimSanatate #DonatieCuSuflet #SanatatePentruFiecare #GrijaPentruOameni<\/p>\n","protected":false},"excerpt":{"rendered":"<p>\u00cempreun\u0103 pentru s\u0103n\u0103tatea comunit\u0103\u021bii! Spitalul Or\u0103\u0219enesc Mioveni adreseaz\u0103 un sincer \u201eMul\u021bumim!\u201d Asocia\u021biei \u201e\u00cempreun\u0103 D\u0103ruim S\u0103n\u0103tate\u201d, care a fost din nou al\u0103turi de noi \u2013 \u0219i, mai ales, de pacien\u021bii no\u0219tri \u2013 printr-o dona\u021bie extrem de valoroas\u0103. \ud83c\udfe5 Cu sprijinul lor, blocul operator a fost dotat cu un Ureteroscop Storz de ultim\u0103 genera\u021bie, care ne permite [&hellip;]<\/p>\n","protected":false},"author":1,"featured_media":0,"parent":0,"menu_order":0,"comment_status":"closed","ping_status":"closed","template":"","meta":{"footnotes":""},"class_list":["post-4152","page","type-page","status-publish","hentry"],"_links":{"self":[{"href":"https:\/\/spitalmioveni.ro\/index.php\/wp-json\/wp\/v2\/pages\/4152","targetHints":{"allow":["GET"]}}],"collection":[{"href":"https:\/\/spitalmioveni.ro\/index.php\/wp-json\/wp\/v2\/pages"}],"about":[{"href":"https:\/\/spitalmioveni.ro\/index.php\/wp-json\/wp\/v2\/types\/page"}],"author":[{"embeddable":true,"href":"https:\/\/spitalmioveni.ro\/index.php\/wp-json\/wp\/v2\/users\/1"}],"replies":[{"embeddable":true,"href":"https:\/\/spitalmioveni.ro\/index.php\/wp-json\/wp\/v2\/comments?post=4152"}],"version-history":[{"count":2,"href":"https:\/\/spitalmioveni.ro\/index.php\/wp-json\/wp\/v2\/pages\/4152\/revisions"}],"predecessor-version":[{"id":4161,"href":"https:\/\/spitalmioveni.ro\/index.php\/wp-json\/wp\/v2\/pages\/4152\/revisions\/4161"}],"wp:attachment":[{"href":"https:\/\/spitalmioveni.ro\/index.php\/wp-json\/wp\/v2\/media?parent=4152"}],"curies":[{"name":"wp","href":"https:\/\/api.w.org\/{rel}","templated":true}]}}