{"id":2429,"date":"2023-04-04T07:27:58","date_gmt":"2023-04-04T07:27:58","guid":{"rendered":"https:\/\/spitalmioveni.ro\/?page_id=2429"},"modified":"2023-04-26T05:07:58","modified_gmt":"2023-04-26T05:07:58","slug":"servicii-decontate-de-c-a-s-arges","status":"publish","type":"page","link":"https:\/\/spitalmioveni.ro\/index.php\/servicii-decontate-de-c-a-s-arges\/","title":{"rendered":"Servicii decontate de C.A.S. Arge\u0219"},"content":{"rendered":"\n<p>Centralizator cazuri rezolvate estimat a se efectua \u00een regim de spitalizare de zi<\/p>\n\n\n\n<p>Valoare contract estimat 2023<\/p>\n\n\n\n<p>B. 1. Lista afec\u0163iunilor (diagnosticelor) medicale caz rezolvat medical \u020bn spitalizare de zi.<\/p>\n\n\n\n<figure class=\"wp-block-table\"><table><tbody><tr><td>Nr. Crt.<\/td><td>Cod diagnostic<\/td><td>Denumire afec\u0163iune (diagnostic)<\/td><\/tr><tr><td>1<\/td><td>D50.0<\/td><td>Anemia prin caren\u0163\u0103 de fier secundar\u0103 unei pierderi de s\u0203nge (cronic\u0103).<\/td><\/tr><tr><td>2<\/td><td>D50.08<\/td><td>Alte anemii prin caren\u0163\u0103 de fier.<\/td><\/tr><tr><td>3<\/td><td>D50.9<\/td><td>Anemia prin caren\u0163\u0103 de fier, nespecificat\u0103.<\/td><\/tr><tr><td>4<\/td><td>E78.2<\/td><td>Hiperlipidemie mixt\u0103.<\/td><\/tr><tr><td>5<\/td><td>G45.0<\/td><td>Sindrom vertebro-bazilar.<\/td><\/tr><tr><td>6<\/td><td>I20.8<\/td><td>Alte forme de angin\u0103 pectorala (* f\u0103r\u0103 coronarografie).<\/td><\/tr><tr><td>7<\/td><td>I25.9<\/td><td>Cardiopatie ischemica cronic\u0103, nespecificat\u0103, f\u0103r\u0103 coronarografie).<\/td><\/tr><tr><td>8<\/td><td>I67.2<\/td><td>Ateroscleroz\u0103 cerebral\u0103.<\/td><\/tr><tr><td>9<\/td><td>I67.8<\/td><td>Alte boli cerebrovasculare, specificate.<\/td><\/tr><tr><td>10<\/td><td>J03.9<\/td><td>Amigdalit\u0103 acut\u0103, nespecificat\u0103.<\/td><\/tr><tr><td>11<\/td><td>J06.8<\/td><td>Alte infec\u0163ii acute ale c\u0103ilor respiratorii superioare cu localizari multiple.<\/td><\/tr><tr><td>12<\/td><td>J06.9<\/td><td>Infec\u0163ii acute ale c\u0103ilor acute superioare, nespecificate.<\/td><\/tr><tr><td>13<\/td><td>J12.9<\/td><td>Pneumonia viral\u0103, nespecificat\u0103.<\/td><\/tr><tr><td>14<\/td><td>J15.8<\/td><td>Alte pneumonii bacteriene.<\/td><\/tr><tr><td>15<\/td><td>J18.1<\/td><td>Pneumonia lobar\u0103, nespecificat\u0103.<\/td><\/tr><tr><td>16<\/td><td>J18.8<\/td><td>Alte pneumonii, cu micro-organisme nespecificate.<\/td><\/tr><tr><td>17<\/td><td>J18.9<\/td><td>Pneumonie, nespecificat\u0103.<\/td><\/tr><tr><td>18<\/td><td>J20.9<\/td><td>Bronsit\u0103 acut\u0103, nespecificat\u0103.<\/td><\/tr><tr><td>19<\/td><td>J44.0<\/td><td>Boala pulmonar\u0103 obstructiv\u0103 cronic\u0103 cu infec\u0163ie acut\u0103 a c\u0103ilor respiratorii inferioare.<\/td><\/tr><tr><td>20<\/td><td>J44.9<\/td><td>Boala pulmonar\u0103 obstructiv\u0103 cronic\u0103, nespecificat\u0103.<\/td><\/tr><tr><td>21<\/td><td>J45.0<\/td><td>Astmul cu predominen\u0163a alergic\u0103.<\/td><\/tr><tr><td>22<\/td><td>J47<\/td><td>Bron\u015fiectazia.<\/td><\/tr><tr><td>23<\/td><td>J84.8<\/td><td>Alte boli pulmonare intersti\u0163iale specificate.<\/td><\/tr><tr><td>24<\/td><td>J84.9<\/td><td>Boala pulmonar\u0103 intersti\u0163ial\u0103, nespecificat\u0103.<\/td><\/tr><tr><td>25<\/td><td>K21.0<\/td><td>Boala refluxului gastro-esofagian cu esofagit\u0103.<\/td><\/tr><tr><td>26<\/td><td>K21.9<\/td><td>Boala refluxului gastro-esofagian f\u0103r\u0103 esofagit\u0103.<\/td><\/tr><tr><td>27<\/td><td>K26.3<\/td><td>Ulcerul duodenal, acut f\u0103r\u0103 hemoragie sau perfora\u0163ie, diagnosticat anterior.<\/td><\/tr><tr><td>28<\/td><td>K29.1<\/td><td>Alte gastrite acute.<\/td><\/tr><tr><td>29<\/td><td>K29.5<\/td><td>Gastrit\u0103 cronic\u0103, nespecificat\u0103.<\/td><\/tr><tr><td>30<\/td><td>K29.9<\/td><td>Gastro-duodenit\u0103, nespecificat\u0103.<\/td><\/tr><tr><td>31<\/td><td>K30<\/td><td>Dispepsia.<\/td><\/tr><tr><td>32<\/td><td>K52.9<\/td><td>Gastroenterita \u015fi colit\u0103 neinfec\u0163ioase, nespecificate.<\/td><\/tr><tr><td>33<\/td><td>K58.0<\/td><td>Sindromul intestinului iritabil cu diaree.<\/td><\/tr><tr><td>34<\/td><td>K70.1<\/td><td>Hepatit\u0103 alcoolic\u0103.<\/td><\/tr><tr><td>35<\/td><td>K73.2<\/td><td>Hepatit\u0103 activ\u0103 cronic\u0103, neclasificat\u0103 altundeva.<\/td><\/tr><tr><td>36<\/td><td>K76.0<\/td><td>Degenerescen\u0163a gr\u0103soasa a ficatului, neclasificat\u0103 altundeva.<\/td><\/tr><tr><td>37<\/td><td>K81.1<\/td><td>Colecistit\u0103 cronic\u0103.<\/td><\/tr><tr><td>38<\/td><td>K81.8<\/td><td>Alte colecistite.<\/td><\/tr><tr><td>39<\/td><td>K82.8<\/td><td>Alte boli specificate ale vezicii biliare.<\/td><\/tr><tr><td>40<\/td><td>K86.9<\/td><td>Boala pancreasului nespecificat\u0103.<\/td><\/tr><tr><td>41<\/td><td>K91.1<\/td><td>Sindroame dup\u0103 chirurgia gastric\u0103.<\/td><\/tr><tr><td>42<\/td><td>M16.9<\/td><td>Coxartroz\u0103 nespecificat\u0103.<\/td><\/tr><tr><td>43<\/td><td>M17.9<\/td><td>Gonartroz\u0103 nespecificat\u0103.<\/td><\/tr><tr><td>44<\/td><td>M51.2<\/td><td>Alt\u0103 deplasare a unui alt disc intervertebral specificat, f\u0103r\u0103 indica\u0163ie operatorie.<\/td><\/tr><tr><td>45<\/td><td>M54.4<\/td><td>Lumbago cu sciatic\u0103.<\/td><\/tr><tr><td>46<\/td><td>M54.5<\/td><td>Dolsargie joas\u0103.<\/td><\/tr><tr><td>47<\/td><td>N30.0<\/td><td>Cistit\u0103 acut\u0103.<\/td><\/tr><tr><td>48<\/td><td>N39.0<\/td><td>Infec\u0163ia tractului urinar, cu localizare nespecificat\u0103.<\/td><\/tr><tr><td>49<\/td><td>N73.9<\/td><td>Boala inflamatorie pelvian\u0103 feminin\u0103, nespecificat\u0103.<\/td><\/tr><tr><td>50<\/td><td>N92.0<\/td><td>Menstrua\u0163ie excesiv\u0103 \u015fi frecvent\u0103 cu ciclu menstrual regulat.<\/td><\/tr><tr><td>51<\/td><td>N93.8<\/td><td>Alte s\u0203ngerari anormale ale uterului \u015fi vaginului.<\/td><\/tr><tr><td>52<\/td><td>O03.4<\/td><td>Avort spontan incomplet, f\u0103r\u0103 complica\u0163ii.<\/td><\/tr><tr><td>53<\/td><td>O12.0<\/td><td>Edem gesta\u0163ional.<\/td><\/tr><tr><td>54<\/td><td>O21.0<\/td><td>Hiperemez\u0103 gravidic\u0103 u\u015foar\u0103.<\/td><\/tr><tr><td>55<\/td><td>O23.1<\/td><td>Infec\u0163iile vezicii urinare \u020bn sarcin\u0103.<\/td><\/tr><tr><td>56<\/td><td>R10.4<\/td><td>Alta durere abdominal\u0103 \u015fi nespecificat\u0103.<\/td><\/tr><tr><td>57<\/td><td>S61.88<\/td><td>Plag\u0103 deschis\u0103 a altor p\u0103rti ale pumnului \u015fi m\u0203inii.<\/td><\/tr><tr><td>58<\/td><td>Z51.88<\/td><td>Alte \u020bngrijiri medicale specificate.<\/td><\/tr><tr><td>59<\/td><td>I25.5<\/td><td>Cardiomiopatie ischemic\u0103.<\/td><\/tr><tr><td>60<\/td><td>I70.21<\/td><td>Ateroscleroz\u0103 arterelor extremit\u0103\u0163ilor cu claudica\u0163ie intermitent\u0103.<\/td><\/tr><tr><td>61<\/td><td>I80.3<\/td><td>Flebita \u015fi Tromboflebita extremitatilor inferioare, nespecificate.<\/td><\/tr><tr><td>62<\/td><td>I83.0<\/td><td>Vene varicoase cu ulcera\u0163ie ale extremit\u0103\u0163ilor inferioare.<\/td><\/tr><tr><td>63<\/td><td>I87.2<\/td><td>Insuficien\u0163a venoasa (cronic\u0103) (periferic\u0103)<\/td><\/tr><\/tbody><\/table><\/figure>\n\n\n\n<p>B. 2. Lista cazurilor rezolvate cu procedur\u0103 chirurgical\u0103 &#8211; \u020bn spitalizare de zi corespunz\u0103toare.<\/p>\n\n\n\n<figure class=\"wp-block-table\"><table><tbody><tr><td>Nr. Crt.<\/td><td>Denumire caz rezolvat cu procedur\u0103 chirugical\u0103<\/td><td>Cod Procedur\u0103<\/td><td>Denumire procedur\u0103 chirurgical\u0103<\/td><\/tr><tr><td>1<\/td><td>Biopsie ganglioni laterocervicali \u015fi supraclaviculari.<\/td><td>I00601<\/td><td>Biopsie de ganglion limfatic.<\/td><\/tr><tr><td>2<\/td><td>Excizie polip cervical, dilata\u0163ia \u015fi chiuretajul uterului.<\/td><td>M02601<\/td><td>Dilatarea \u015fi chiuretajul uterin (D&amp;C).<\/td><\/tr><tr><td>3<\/td><td>Eliberarea tunelului carpian.<\/td><td>A07403<\/td><td>Decompresia tunelului carpian.<\/td><\/tr><tr><td>4<\/td><td>Excizia chistului Baker.<\/td><td>O13601<\/td><td>Excizia chistului Baker.<\/td><\/tr><tr><td>5<\/td><td>Rezolvarea contracturii Dupuytren.<\/td><td>O08001<\/td><td>Fasciectomie palmar\u0103 pentru contractur\u0103.<\/td><\/tr><tr><td>6<\/td><td>Excizia locala a leziunii s\u0203nului.<\/td><td>Q00501<\/td><td>Excizia leziunilor s\u0203nului.<\/td><\/tr><tr><td>7<\/td><td>Chirurgia varicelor.<\/td><td>H12501<\/td><td>Intreruperea jonc\u0163iunii safenofemural\u0103.<\/td><\/tr><tr><td>8<\/td><td>Chirurgia varicelor<\/td><td>H12502<\/td><td>Intreruperea jonc\u0163iunii safenopoplitee.<\/td><\/tr><tr><td>9<\/td><td>Debridarea nonexcizi\u0163ional\u0103 a tegumentului \u015fi \u0163esutului subcutanat.<\/td><td>P02103<\/td><td>Debridarea nonexcizional\u0103 a arsurii.<\/td><\/tr><tr><td>10<\/td><td>Debridarea excizi\u0163ional\u0103 a p\u0103r\u0163ilor moi.<\/td><td>O19301<\/td><td>Debridarea excizi\u0163ional\u0103 a p\u0103r\u0163ilor moi.<\/td><\/tr><tr><td>11<\/td><td>Debridarea excizi\u0163ional\u0103 a tegumentului \u015fi \u0163esutului subcutanat.<\/td><td>P02201<\/td><td>Debridarea excizi\u0163ional\u0103 a tegumentului \u015fi \u0163esutului subcutanat.<\/td><\/tr><tr><td>12<\/td><td>Incizia \u015fi drenajul tegumentelor \u015fi ale \u0163esutului subcutanat.<\/td><td>P00701<\/td><td>Incizia \u015fi drenajul hematomului tegumentar \u015fi al \u0163esutului subcutanat.<\/td><\/tr><tr><td>13<\/td><td>Incizia \u015fi drenajul tegumentelor \u015fi ale \u0163esutului subcutanat.<\/td><td>P00702<\/td><td>Incizia \u015fi drenajul abceselor tegumentelor \u015fi ale \u0163esutului subcutanat.<\/td><\/tr><tr><td>14<\/td><td>Incizia \u015fi drenajul tegumentelor \u015fi ale \u0163esutului subcutanat.<\/td><td>P00703<\/td><td>Alte incizii \u015fi drenaje ale tegumentelor \u015fi ale \u0163esutului subcutanat.<\/td><\/tr><tr><td>15<\/td><td>Excizia leziunilor tegumentare si tesutului subcutanat.<\/td><td>P01901<\/td><td>Excizia leziunilor tegumentare \u015fi \u0163esutului subcutanat.<\/td><\/tr><tr><td>16<\/td><td>Indep\u0103rtarea corpilor str\u0103ini din tegument \u015fi \u0163esutul subcutanat cu incizie.<\/td><td>P00601<\/td><td>Indep\u0103rtarea corpilor str\u0103ini din tegument \u015fi \u0163esutul subcutanat cu incizie.<\/td><\/tr><tr><td>17<\/td><td>Rezec\u0163ia par\u0163ial\u0103 a unghiei \u020bncarnate.<\/td><td>P02504<\/td><td>Rezec\u0163ia par\u0163ial\u0103 a unghiei \u020bncarnate.<\/td><\/tr><tr><td>18<\/td><td>Realizarea fistulei arteriovenoase la persoanele dializate.<\/td><td>H15902<\/td><td>Efectuarea unei fistule arteriovenoase native (cu vena) la persoanele dializate.<\/td><\/tr><\/tbody><\/table><\/figure>\n\n\n\n<p>B. 3. Lista serviciilor medicale \u020bn regim de spitalizare de zi decontate asigura\u0163ilor prin tarif pe serviciu medical \u015fi pentru care \u020bn vederea decont\u0103rii se \u020bnchide fi\u015fa de spitalizare de zi (FSZ) dupa terminarea vizitei\/vizitelor necesare finaliz\u0103rii serviciului medical.<\/p>\n\n\n\n<figure class=\"wp-block-table\"><table><tbody><tr><td>Nr. Crt.<\/td><td>Denumire serviciu medical<\/td><\/tr><tr><td>1<\/td><td>Monitorizarea bolilor neurologice (epilepsie \u015fi tulbur\u0103ri de somn, boala Parkinson \u015fi alte manifestari extrapiramidale, boli neuromusculare, miastenia gravis \u015fi simdromul miastenic, neuropatii periferice, boli neurodegenerative ale sistemului nervos central, scleroza multipl\u0103, stenose arteriale carotidiene, vertebrale si artere subclaviculare, demen\u0163e, paralizii cerebrale).<\/td><\/tr><tr><td>2<\/td><td>Urgen\u0163a medico-chirurgical\u0103 \u020bn structurile de urgen\u0163a din cadrul spitalelor pentru care finan\u0163area nu se face din bugetul Ministerului S\u0103n\u0103t\u0103tii.<\/td><\/tr><tr><td>3<\/td><td>Implantarea cateterului venos central long-life destinat: administr\u0103rii de medicamente, dializei cornice sau administr\u0103rii de chimioterapie (\u020bn cure lungi de 6 &#8211; 24 luni) pentru pacien\u0163ii oncologici, hematologici, dializa\u0163i. Tariful aferent acestui serviciu include costul cateterului venos central long-life.<\/td><\/tr><tr><td>4<\/td><td>Implantarea cateterului venos central cu camera implantabila destinate administrarii de chimioterapie (\u020bn cure lungi de 6 &#8211; 24 luni) pentru pacien\u0163ii oncologici \u015fi hematologici. Tariful aferent acestui serviciu include costul cateterului venos central \u015fi al camerei implantabile.<\/td><\/tr><\/tbody><\/table><\/figure>\n\n\n\n<p>B. 4. Lista serviciilor medicale standardizate acordate \u020bn regim de spitalizare de zi care se deconteaza numai dac\u0103 s-au efectuat toate serviciile obligatorii \u015fi pentru care \u020bn vederea decont\u0103rii se \u020bnchide fi\u015fa de spitalizare de zi (FSZ) dup\u0103 terminarea vizitei\/vizitelor necesare finaliz\u0103rii serviciului medical.<\/p>\n\n\n\n<figure class=\"wp-block-table\"><table><tbody><tr><td>Nr. Crt.<\/td><td>Denumire serviciu medical<\/td><td>Servicii obligatorii<\/td><\/tr><tr><td>1<\/td><td>Endoscopie digestiv\u0103 inferioar\u0103 f\u0103r\u0103 sedare, f\u0103r\u0103 biopsie \u2013 colonoscopie flexibil\u0103 p\u0203n\u0103 la cec.<\/td><td>Consulta\u0163ie de specialitate, analize medicale de laborator, hemoleucogram\u0103, fibrinogen, timp Quick (inclusive INR), APTT, EKG, colonoscopie p\u0203n\u0103 la cec.<\/td><\/tr><tr><td>2<\/td><td>Endoscopie digestiv\u0103 inferioar\u0103 cu sedare, cu polipectomie \u015fi biopsie \u2013 colonoscopie flexibil\u0103 p\u0203n\u0103 la cec.<\/td><td>Consulta\u0163ie de specialitate, consulta\u0163ie ATI, analize medicale de laborator, hemoleucogram\u0103, fibrinogen, timp Quick (inclusive INR), APTT, EKG, anestezie midazolam\/propofol; colonoscopie p\u0203n\u0103 la cec; examen anatomopatologic.<\/td><\/tr><tr><td>3<\/td><td>Endoscopie digestiv\u0103 inferioar\u0103 f\u0103r\u0103 sedare, cu polipectomie \u015fi biopsie \u2013 colonoscopie flexibil\u0103 p\u0203n\u0103 la cec.<\/td><td>Consulta\u0163ie de specialitate, analize medicale de laborator, hemoleucogram\u0103, fibrinogen, timp Quick (inclusive INR), APTT, EKG, colonoscopie p\u0203n\u0103 la cec, examen anatomopatologic.<\/td><\/tr><tr><td>4<\/td><td>Endoscopie digestiv\u0103 inferioar\u0103 f\u0103r\u0103, cu biopsie \u2013 colonoscopie flexibil\u0103 p\u0203n\u0103 la cec.<\/td><td>Consulta\u0163ie de specialitate, analize medicale de laborator, hemoleucogram\u0103, fibrinogen, timp Quick (inclusive INR), APTT, EKG, colonoscopie p\u0203n\u0103 la cec, examen anatomopatologic.<\/td><\/tr><\/tbody><\/table><\/figure>\n","protected":false},"excerpt":{"rendered":"<p>Centralizator cazuri rezolvate estimat a se efectua \u00een regim de spitalizare de zi Valoare contract estimat 2023 B. 1. Lista afec\u0163iunilor (diagnosticelor) medicale caz rezolvat medical \u020bn spitalizare de zi. Nr. Crt. Cod diagnostic Denumire afec\u0163iune (diagnostic) 1 D50.0 Anemia prin caren\u0163\u0103 de fier secundar\u0103 unei pierderi de s\u0203nge (cronic\u0103). 2 D50.08 Alte anemii prin [&hellip;]<\/p>\n","protected":false},"author":1,"featured_media":0,"parent":0,"menu_order":0,"comment_status":"closed","ping_status":"closed","template":"","meta":{"footnotes":""},"class_list":["post-2429","page","type-page","status-publish","hentry"],"_links":{"self":[{"href":"https:\/\/spitalmioveni.ro\/index.php\/wp-json\/wp\/v2\/pages\/2429","targetHints":{"allow":["GET"]}}],"collection":[{"href":"https:\/\/spitalmioveni.ro\/index.php\/wp-json\/wp\/v2\/pages"}],"about":[{"href":"https:\/\/spitalmioveni.ro\/index.php\/wp-json\/wp\/v2\/types\/page"}],"author":[{"embeddable":true,"href":"https:\/\/spitalmioveni.ro\/index.php\/wp-json\/wp\/v2\/users\/1"}],"replies":[{"embeddable":true,"href":"https:\/\/spitalmioveni.ro\/index.php\/wp-json\/wp\/v2\/comments?post=2429"}],"version-history":[{"count":3,"href":"https:\/\/spitalmioveni.ro\/index.php\/wp-json\/wp\/v2\/pages\/2429\/revisions"}],"predecessor-version":[{"id":2489,"href":"https:\/\/spitalmioveni.ro\/index.php\/wp-json\/wp\/v2\/pages\/2429\/revisions\/2489"}],"wp:attachment":[{"href":"https:\/\/spitalmioveni.ro\/index.php\/wp-json\/wp\/v2\/media?parent=2429"}],"curies":[{"name":"wp","href":"https:\/\/api.w.org\/{rel}","templated":true}]}}