{"id":1591,"date":"2022-07-26T12:42:36","date_gmt":"2022-07-26T12:42:36","guid":{"rendered":"https:\/\/spitalmioveni.ro\/?page_id=1591"},"modified":"2025-05-12T09:34:08","modified_gmt":"2025-05-12T09:34:08","slug":"proiecte-fonduri-europene","status":"publish","type":"page","link":"https:\/\/spitalmioveni.ro\/index.php\/proiecte-fonduri-europene\/","title":{"rendered":"Proiecte Fonduri Europene \/ Sponzoriz\u0103ri"},"content":{"rendered":"\t\t<div data-elementor-type=\"wp-page\" data-elementor-id=\"1591\" class=\"elementor elementor-1591\" data-elementor-post-type=\"page\">\n\t\t\t\t\t\t<section class=\"elementor-section elementor-top-section elementor-element elementor-element-285740e elementor-section-boxed elementor-section-height-default elementor-section-height-default\" data-id=\"285740e\" data-element_type=\"section\" data-e-type=\"section\">\n\t\t\t\t\t\t<div class=\"elementor-container elementor-column-gap-default\">\n\t\t\t\t\t<div class=\"elementor-column elementor-col-100 elementor-top-column elementor-element elementor-element-f3d3cdb\" data-id=\"f3d3cdb\" data-element_type=\"column\" data-e-type=\"column\">\n\t\t\t<div class=\"elementor-widget-wrap elementor-element-populated\">\n\t\t\t\t\t\t<div class=\"elementor-element elementor-element-7b2ded1 elementor-tabs-view-horizontal elementor-widget elementor-widget-tabs\" data-id=\"7b2ded1\" data-element_type=\"widget\" data-e-type=\"widget\" data-widget_type=\"tabs.default\">\n\t\t\t\t<div class=\"elementor-widget-container\">\n\t\t\t\t\t\t\t<div class=\"elementor-tabs\">\n\t\t\t<div class=\"elementor-tabs-wrapper\" role=\"tablist\" >\n\t\t\t\t\t\t\t\t\t<div id=\"elementor-tab-title-1291\" class=\"elementor-tab-title elementor-tab-desktop-title\" aria-selected=\"true\" data-tab=\"1\" role=\"tab\" tabindex=\"0\" aria-controls=\"elementor-tab-content-1291\" aria-expanded=\"false\">\u201eMul\u021bumim!\u201d Asocia\u021biei \u201e\u00cempreun\u0103 D\u0103ruim S\u0103n\u0103tate\u201d  \u00cempreun\u0103 pentru s\u0103n\u0103tatea comunit\u0103\u021bii!<\/div>\n\t\t\t\t\t\t\t<\/div>\n\t\t\t<div class=\"elementor-tabs-content-wrapper\" role=\"tablist\" aria-orientation=\"vertical\">\n\t\t\t\t\t\t\t\t\t<div class=\"elementor-tab-title elementor-tab-mobile-title\" aria-selected=\"true\" data-tab=\"1\" role=\"tab\" tabindex=\"0\" aria-controls=\"elementor-tab-content-1291\" aria-expanded=\"false\">\u201eMul\u021bumim!\u201d Asocia\u021biei \u201e\u00cempreun\u0103 D\u0103ruim S\u0103n\u0103tate\u201d  \u00cempreun\u0103 pentru s\u0103n\u0103tatea comunit\u0103\u021bii!<\/div>\n\t\t\t\t\t<div id=\"elementor-tab-content-1291\" class=\"elementor-tab-content elementor-clearfix\" data-tab=\"1\" role=\"tabpanel\" aria-labelledby=\"elementor-tab-title-1291\" tabindex=\"0\" hidden=\"false\"><p><blockquote class=\"wp-embedded-content\" data-secret=\"Vi5wYFE9sC\"><a href=\"https:\/\/spitalmioveni.ro\/index.php\/multumim-asociatiei-impreuna-daruim-sanatate\/\">\u201eMul\u021bumim!\u201d Asocia\u021biei \u201e\u00cempreun\u0103 D\u0103ruim S\u0103n\u0103tate\u201d<\/a><\/blockquote><iframe class=\"wp-embedded-content\" sandbox=\"allow-scripts\" security=\"restricted\" style=\"position: absolute; visibility: hidden;\" title=\"&#8222;\u201eMul\u021bumim!\u201d Asocia\u021biei \u201e\u00cempreun\u0103 D\u0103ruim S\u0103n\u0103tate\u201d&#8221; &#8211; Spital Mioveni\" src=\"https:\/\/spitalmioveni.ro\/index.php\/multumim-asociatiei-impreuna-daruim-sanatate\/embed\/#?secret=SJiO64d037#?secret=Vi5wYFE9sC\" data-secret=\"Vi5wYFE9sC\" width=\"525\" height=\"296\" frameborder=\"0\" marginwidth=\"0\" marginheight=\"0\" scrolling=\"no\"><\/iframe><\/p><\/div>\n\t\t\t\t\t\t\t<\/div>\n\t\t<\/div>\n\t\t\t\t\t\t<\/div>\n\t\t\t\t<\/div>\n\t\t\t\t\t<\/div>\n\t\t<\/div>\n\t\t\t\t\t<\/div>\n\t\t<\/section>\n\t\t\t\t<section class=\"elementor-section elementor-top-section elementor-element elementor-element-bdf4101 elementor-section-boxed elementor-section-height-default elementor-section-height-default\" data-id=\"bdf4101\" data-element_type=\"section\" data-e-type=\"section\">\n\t\t\t\t\t\t<div class=\"elementor-container elementor-column-gap-default\">\n\t\t\t\t\t<div class=\"elementor-column elementor-col-100 elementor-top-column elementor-element elementor-element-5397cf7\" data-id=\"5397cf7\" data-element_type=\"column\" data-e-type=\"column\">\n\t\t\t<div class=\"elementor-widget-wrap elementor-element-populated\">\n\t\t\t\t\t\t<div class=\"elementor-element elementor-element-8d9d0a1 elementor-tabs-view-horizontal elementor-widget elementor-widget-tabs\" data-id=\"8d9d0a1\" data-element_type=\"widget\" data-e-type=\"widget\" data-widget_type=\"tabs.default\">\n\t\t\t\t<div class=\"elementor-widget-container\">\n\t\t\t\t\t\t\t<div class=\"elementor-tabs\">\n\t\t\t<div class=\"elementor-tabs-wrapper\" role=\"tablist\" >\n\t\t\t\t\t\t\t\t\t<div id=\"elementor-tab-title-1481\" class=\"elementor-tab-title elementor-tab-desktop-title\" aria-selected=\"true\" data-tab=\"1\" role=\"tab\" tabindex=\"0\" aria-controls=\"elementor-tab-content-1481\" aria-expanded=\"false\"><\/div>\n\t\t\t\t\t\t\t<\/div>\n\t\t\t<div class=\"elementor-tabs-content-wrapper\" role=\"tablist\" aria-orientation=\"vertical\">\n\t\t\t\t\t\t\t\t\t<div class=\"elementor-tab-title elementor-tab-mobile-title\" aria-selected=\"true\" data-tab=\"1\" role=\"tab\" tabindex=\"0\" aria-controls=\"elementor-tab-content-1481\" aria-expanded=\"false\"><\/div>\n\t\t\t\t\t<div id=\"elementor-tab-content-1481\" class=\"elementor-tab-content elementor-clearfix\" data-tab=\"1\" role=\"tabpanel\" aria-labelledby=\"elementor-tab-title-1481\" tabindex=\"0\" hidden=\"false\"><\/div>\n\t\t\t\t\t\t\t<\/div>\n\t\t<\/div>\n\t\t\t\t\t\t<\/div>\n\t\t\t\t<\/div>\n\t\t\t\t<div class=\"elementor-element elementor-element-334367b elementor-tabs-view-horizontal elementor-widget elementor-widget-tabs\" data-id=\"334367b\" data-element_type=\"widget\" data-e-type=\"widget\" data-widget_type=\"tabs.default\">\n\t\t\t\t<div class=\"elementor-widget-container\">\n\t\t\t\t\t\t\t<div class=\"elementor-tabs\">\n\t\t\t<div class=\"elementor-tabs-wrapper\" role=\"tablist\" >\n\t\t\t\t\t\t\t\t\t<div id=\"elementor-tab-title-5371\" class=\"elementor-tab-title elementor-tab-desktop-title\" aria-selected=\"true\" data-tab=\"1\" role=\"tab\" tabindex=\"0\" aria-controls=\"elementor-tab-content-5371\" aria-expanded=\"false\">Comunicat finalizare proiect<\/div>\n\t\t\t\t\t\t\t<\/div>\n\t\t\t<div class=\"elementor-tabs-content-wrapper\" role=\"tablist\" aria-orientation=\"vertical\">\n\t\t\t\t\t\t\t\t\t<div class=\"elementor-tab-title elementor-tab-mobile-title\" aria-selected=\"true\" data-tab=\"1\" role=\"tab\" tabindex=\"0\" aria-controls=\"elementor-tab-content-5371\" aria-expanded=\"false\">Comunicat finalizare proiect<\/div>\n\t\t\t\t\t<div id=\"elementor-tab-content-5371\" class=\"elementor-tab-content elementor-clearfix\" data-tab=\"1\" role=\"tabpanel\" aria-labelledby=\"elementor-tab-title-5371\" tabindex=\"0\" hidden=\"false\"><p><a href=\"https:\/\/spitalmioveni.ro\/wp-content\/uploads\/2022\/08\/Comunicat-finalizare-proiect.pdf\">Comunicat finalizare proiect<\/a><\/p><\/div>\n\t\t\t\t\t\t\t<\/div>\n\t\t<\/div>\n\t\t\t\t\t\t<\/div>\n\t\t\t\t<\/div>\n\t\t\t\t<div class=\"elementor-element elementor-element-d366eab elementor-tabs-view-horizontal elementor-widget elementor-widget-tabs\" data-id=\"d366eab\" data-element_type=\"widget\" data-e-type=\"widget\" data-widget_type=\"tabs.default\">\n\t\t\t\t<div class=\"elementor-widget-container\">\n\t\t\t\t\t\t\t<div class=\"elementor-tabs\">\n\t\t\t<div class=\"elementor-tabs-wrapper\" role=\"tablist\" >\n\t\t\t\t\t\t\t\t\t<div id=\"elementor-tab-title-2211\" class=\"elementor-tab-title elementor-tab-desktop-title\" aria-selected=\"true\" data-tab=\"1\" role=\"tab\" tabindex=\"0\" aria-controls=\"elementor-tab-content-2211\" aria-expanded=\"false\">INFORMARE PRIVIND PROGRAMUL OPERA\u021aIONAL \"INFRASTRUCTURA MARE 2008-2020<\/div>\n\t\t\t\t\t\t\t<\/div>\n\t\t\t<div class=\"elementor-tabs-content-wrapper\" role=\"tablist\" aria-orientation=\"vertical\">\n\t\t\t\t\t\t\t\t\t<div class=\"elementor-tab-title elementor-tab-mobile-title\" aria-selected=\"true\" data-tab=\"1\" role=\"tab\" tabindex=\"0\" aria-controls=\"elementor-tab-content-2211\" aria-expanded=\"false\">INFORMARE PRIVIND PROGRAMUL OPERA\u021aIONAL \"INFRASTRUCTURA MARE 2008-2020<\/div>\n\t\t\t\t\t<div id=\"elementor-tab-content-2211\" class=\"elementor-tab-content elementor-clearfix\" data-tab=\"1\" role=\"tabpanel\" aria-labelledby=\"elementor-tab-title-2211\" tabindex=\"0\" hidden=\"false\"><p><a href=\"https:\/\/spitalmioveni.ro\/wp-content\/uploads\/2022\/07\/Informatii-proiect.pdf\">Informatii proiect<\/a><\/p><\/div>\n\t\t\t\t\t\t\t<\/div>\n\t\t<\/div>\n\t\t\t\t\t\t<\/div>\n\t\t\t\t<\/div>\n\t\t\t\t\t<\/div>\n\t\t<\/div>\n\t\t\t\t\t<\/div>\n\t\t<\/section>\n\t\t\t\t<section class=\"elementor-section elementor-top-section elementor-element elementor-element-86510e3 elementor-section-boxed elementor-section-height-default elementor-section-height-default\" data-id=\"86510e3\" data-element_type=\"section\" data-e-type=\"section\">\n\t\t\t\t\t\t<div class=\"elementor-container elementor-column-gap-default\">\n\t\t\t\t\t<div class=\"elementor-column elementor-col-100 elementor-top-column elementor-element elementor-element-bb06094\" data-id=\"bb06094\" data-element_type=\"column\" data-e-type=\"column\">\n\t\t\t<div class=\"elementor-widget-wrap elementor-element-populated\">\n\t\t\t\t\t\t<div class=\"elementor-element elementor-element-4ab5fa6 elementor-tabs-view-horizontal elementor-widget elementor-widget-tabs\" data-id=\"4ab5fa6\" data-element_type=\"widget\" data-e-type=\"widget\" data-widget_type=\"tabs.default\">\n\t\t\t\t<div class=\"elementor-widget-container\">\n\t\t\t\t\t\t\t<div class=\"elementor-tabs\">\n\t\t\t<div class=\"elementor-tabs-wrapper\" role=\"tablist\" >\n\t\t\t\t\t\t\t\t\t<div id=\"elementor-tab-title-7831\" class=\"elementor-tab-title elementor-tab-desktop-title\" aria-selected=\"true\" data-tab=\"1\" role=\"tab\" tabindex=\"0\" aria-controls=\"elementor-tab-content-7831\" aria-expanded=\"false\">Comunicat \u00eencepere proiect<\/div>\n\t\t\t\t\t\t\t<\/div>\n\t\t\t<div class=\"elementor-tabs-content-wrapper\" role=\"tablist\" aria-orientation=\"vertical\">\n\t\t\t\t\t\t\t\t\t<div class=\"elementor-tab-title elementor-tab-mobile-title\" aria-selected=\"true\" data-tab=\"1\" role=\"tab\" tabindex=\"0\" aria-controls=\"elementor-tab-content-7831\" aria-expanded=\"false\">Comunicat \u00eencepere proiect<\/div>\n\t\t\t\t\t<div id=\"elementor-tab-content-7831\" class=\"elementor-tab-content elementor-clearfix\" data-tab=\"1\" role=\"tabpanel\" aria-labelledby=\"elementor-tab-title-7831\" tabindex=\"0\" hidden=\"false\"><p><a href=\"https:\/\/spitalmioveni.ro\/wp-content\/uploads\/2025\/02\/COMUNICAT-DE-PRESA.pdf\">COMUNICAT DE PRESA\u0306<\/a><\/p><\/div>\n\t\t\t\t\t\t\t<\/div>\n\t\t<\/div>\n\t\t\t\t\t\t<\/div>\n\t\t\t\t<\/div>\n\t\t\t\t\t<\/div>\n\t\t<\/div>\n\t\t\t\t\t<\/div>\n\t\t<\/section>\n\t\t\t\t<section class=\"elementor-section elementor-top-section elementor-element elementor-element-e4ecc6f elementor-section-boxed elementor-section-height-default elementor-section-height-default\" data-id=\"e4ecc6f\" data-element_type=\"section\" data-e-type=\"section\">\n\t\t\t\t\t\t<div class=\"elementor-container elementor-column-gap-default\">\n\t\t\t\t\t<div class=\"elementor-column elementor-col-100 elementor-top-column elementor-element elementor-element-990f424\" data-id=\"990f424\" data-element_type=\"column\" data-e-type=\"column\">\n\t\t\t<div class=\"elementor-widget-wrap elementor-element-populated\">\n\t\t\t\t\t\t<div class=\"elementor-element elementor-element-29db1a8 elementor-tabs-view-horizontal elementor-widget elementor-widget-tabs\" data-id=\"29db1a8\" data-element_type=\"widget\" data-e-type=\"widget\" data-widget_type=\"tabs.default\">\n\t\t\t\t<div class=\"elementor-widget-container\">\n\t\t\t\t\t\t\t<div class=\"elementor-tabs\">\n\t\t\t<div class=\"elementor-tabs-wrapper\" role=\"tablist\" >\n\t\t\t\t\t\t\t\t\t<div id=\"elementor-tab-title-4381\" class=\"elementor-tab-title elementor-tab-desktop-title\" aria-selected=\"true\" data-tab=\"1\" role=\"tab\" tabindex=\"0\" aria-controls=\"elementor-tab-content-4381\" aria-expanded=\"false\">Comunicat finalizare proiect<\/div>\n\t\t\t\t\t\t\t<\/div>\n\t\t\t<div class=\"elementor-tabs-content-wrapper\" role=\"tablist\" aria-orientation=\"vertical\">\n\t\t\t\t\t\t\t\t\t<div class=\"elementor-tab-title elementor-tab-mobile-title\" aria-selected=\"true\" data-tab=\"1\" role=\"tab\" tabindex=\"0\" aria-controls=\"elementor-tab-content-4381\" aria-expanded=\"false\">Comunicat finalizare proiect<\/div>\n\t\t\t\t\t<div id=\"elementor-tab-content-4381\" class=\"elementor-tab-content elementor-clearfix\" data-tab=\"1\" role=\"tabpanel\" aria-labelledby=\"elementor-tab-title-4381\" tabindex=\"0\" hidden=\"false\"><p><br \/><a href=\"https:\/\/spitalmioveni.ro\/wp-content\/uploads\/2025\/02\/finalizare-proiect-aprilie-2024.pdf\">COMUNICAT DE PRESA\u0306<\/a><\/p><\/div>\n\t\t\t\t\t\t\t<\/div>\n\t\t<\/div>\n\t\t\t\t\t\t<\/div>\n\t\t\t\t<\/div>\n\t\t\t\t\t<\/div>\n\t\t<\/div>\n\t\t\t\t\t<\/div>\n\t\t<\/section>\n\t\t\t\t<section class=\"elementor-section elementor-top-section elementor-element elementor-element-af5ba8d elementor-section-boxed elementor-section-height-default elementor-section-height-default\" data-id=\"af5ba8d\" data-element_type=\"section\" data-e-type=\"section\">\n\t\t\t\t\t\t<div class=\"elementor-container elementor-column-gap-default\">\n\t\t\t\t\t<div class=\"elementor-column elementor-col-100 elementor-top-column elementor-element elementor-element-00b132c\" data-id=\"00b132c\" data-element_type=\"column\" data-e-type=\"column\">\n\t\t\t<div class=\"elementor-widget-wrap elementor-element-populated\">\n\t\t\t\t\t\t<div class=\"elementor-element elementor-element-deae23b elementor-tabs-view-horizontal elementor-widget elementor-widget-tabs\" data-id=\"deae23b\" data-element_type=\"widget\" data-e-type=\"widget\" data-widget_type=\"tabs.default\">\n\t\t\t\t<div class=\"elementor-widget-container\">\n\t\t\t\t\t\t\t<div class=\"elementor-tabs\">\n\t\t\t<div class=\"elementor-tabs-wrapper\" role=\"tablist\" >\n\t\t\t\t\t\t\t\t\t<div id=\"elementor-tab-title-2331\" class=\"elementor-tab-title elementor-tab-desktop-title\" aria-selected=\"true\" data-tab=\"1\" role=\"tab\" tabindex=\"0\" aria-controls=\"elementor-tab-content-2331\" aria-expanded=\"false\">DATA: 03.11.2020 Anun\u021b de \u00eenceput proiect: \"Cre\u0219terea capacit\u0103\u021bii de gestionare a crizei cauzat\u0103 de virusul COVID - 19 prin dotarea cu aparatur\u0103 medical\u0103 SPITALULUI OR\u0102SENESC MIOVENI\"<\/div>\n\t\t\t\t\t\t\t<\/div>\n\t\t\t<div class=\"elementor-tabs-content-wrapper\" role=\"tablist\" aria-orientation=\"vertical\">\n\t\t\t\t\t\t\t\t\t<div class=\"elementor-tab-title elementor-tab-mobile-title\" aria-selected=\"true\" data-tab=\"1\" role=\"tab\" tabindex=\"0\" aria-controls=\"elementor-tab-content-2331\" aria-expanded=\"false\">DATA: 03.11.2020 Anun\u021b de \u00eenceput proiect: \"Cre\u0219terea capacit\u0103\u021bii de gestionare a crizei cauzat\u0103 de virusul COVID - 19 prin dotarea cu aparatur\u0103 medical\u0103 SPITALULUI OR\u0102SENESC MIOVENI\"<\/div>\n\t\t\t\t\t<div id=\"elementor-tab-content-2331\" class=\"elementor-tab-content elementor-clearfix\" data-tab=\"1\" role=\"tabpanel\" aria-labelledby=\"elementor-tab-title-2331\" tabindex=\"0\" hidden=\"false\"><p><a href=\"https:\/\/spitalmioveni.ro\/wp-content\/uploads\/2022\/07\/COMUNICAT-DE-PRESA-inceput-proiect.pdf\">COMUNICAT DE PRESA inceput proiect<\/a><\/p><\/div>\n\t\t\t\t\t\t\t<\/div>\n\t\t<\/div>\n\t\t\t\t\t\t<\/div>\n\t\t\t\t<\/div>\n\t\t\t\t\t<\/div>\n\t\t<\/div>\n\t\t\t\t\t<\/div>\n\t\t<\/section>\n\t\t\t\t<section class=\"elementor-section elementor-top-section elementor-element elementor-element-14b7c11 elementor-section-boxed elementor-section-height-default elementor-section-height-default\" data-id=\"14b7c11\" data-element_type=\"section\" data-e-type=\"section\">\n\t\t\t\t\t\t<div class=\"elementor-container elementor-column-gap-default\">\n\t\t\t\t\t<div class=\"elementor-column elementor-col-100 elementor-top-column elementor-element elementor-element-512b73d\" data-id=\"512b73d\" data-element_type=\"column\" data-e-type=\"column\">\n\t\t\t<div class=\"elementor-widget-wrap elementor-element-populated\">\n\t\t\t\t\t\t<div class=\"elementor-element elementor-element-b58b097 elementor-tabs-view-horizontal elementor-widget elementor-widget-tabs\" data-id=\"b58b097\" data-element_type=\"widget\" data-e-type=\"widget\" data-widget_type=\"tabs.default\">\n\t\t\t\t<div class=\"elementor-widget-container\">\n\t\t\t\t\t\t\t<div class=\"elementor-tabs\">\n\t\t\t<div class=\"elementor-tabs-wrapper\" role=\"tablist\" >\n\t\t\t\t\t\t\t\t\t<div id=\"elementor-tab-title-1901\" class=\"elementor-tab-title elementor-tab-desktop-title\" aria-selected=\"true\" data-tab=\"1\" role=\"tab\" tabindex=\"0\" aria-controls=\"elementor-tab-content-1901\" aria-expanded=\"false\">Lansarea proiectului cu titlul Data: 26.10.2020 \u201c CRE\u0218TEREA CAPACIT\u0102\u021aII DE GESTIONARE A CRIZEI CAUZAT\u0102 DE VIRUSUL COVID \u2013 19 PRIN DOTAREA CU APARATUR\u0102 MEDICAL\u0102 A SPITALULUI OR\u0102\u0218ENESC MIOVENI\u201d - SMIS 140129 , finan\u021bat prin Programul Opera\u021bional Infrastructura Mare 2014-2020<\/div>\n\t\t\t\t\t\t\t<\/div>\n\t\t\t<div class=\"elementor-tabs-content-wrapper\" role=\"tablist\" aria-orientation=\"vertical\">\n\t\t\t\t\t\t\t\t\t<div class=\"elementor-tab-title elementor-tab-mobile-title\" aria-selected=\"true\" data-tab=\"1\" role=\"tab\" tabindex=\"0\" aria-controls=\"elementor-tab-content-1901\" aria-expanded=\"false\">Lansarea proiectului cu titlul Data: 26.10.2020 \u201c CRE\u0218TEREA CAPACIT\u0102\u021aII DE GESTIONARE A CRIZEI CAUZAT\u0102 DE VIRUSUL COVID \u2013 19 PRIN DOTAREA CU APARATUR\u0102 MEDICAL\u0102 A SPITALULUI OR\u0102\u0218ENESC MIOVENI\u201d - SMIS 140129 , finan\u021bat prin Programul Opera\u021bional Infrastructura Mare 2014-2020<\/div>\n\t\t\t\t\t<div id=\"elementor-tab-content-1901\" class=\"elementor-tab-content elementor-clearfix\" data-tab=\"1\" role=\"tabpanel\" aria-labelledby=\"elementor-tab-title-1901\" tabindex=\"0\" hidden=\"false\"><p><a href=\"https:\/\/spitalmioveni.ro\/wp-content\/uploads\/2022\/07\/ANUNT-poim-140129.pdf\">ANUNT poim-140129<\/a><\/p><\/div>\n\t\t\t\t\t\t\t<\/div>\n\t\t<\/div>\n\t\t\t\t\t\t<\/div>\n\t\t\t\t<\/div>\n\t\t\t\t\t<\/div>\n\t\t<\/div>\n\t\t\t\t\t<\/div>\n\t\t<\/section>\n\t\t\t\t<\/div>\n\t\t","protected":false},"excerpt":{"rendered":"<p>\u201eMul\u021bumim!\u201d Asocia\u021biei \u201e\u00cempreun\u0103 D\u0103ruim S\u0103n\u0103tate\u201d \u00cempreun\u0103 pentru s\u0103n\u0103tatea comunit\u0103\u021bii! \u201eMul\u021bumim!\u201d Asocia\u021biei \u201e\u00cempreun\u0103 D\u0103ruim S\u0103n\u0103tate\u201d \u00cempreun\u0103 pentru s\u0103n\u0103tatea comunit\u0103\u021bii! \u201eMul\u021bumim!\u201d Asocia\u021biei \u201e\u00cempreun\u0103 D\u0103ruim S\u0103n\u0103tate\u201d Comunicat finalizare proiect Comunicat finalizare proiect Comunicat finalizare proiect INFORMARE PRIVIND PROGRAMUL OPERA\u021aIONAL &#8222;INFRASTRUCTURA MARE 2008-2020 INFORMARE PRIVIND PROGRAMUL OPERA\u021aIONAL &#8222;INFRASTRUCTURA MARE 2008-2020 Informatii proiect Comunicat \u00eencepere proiect Comunicat \u00eencepere proiect COMUNICAT [&hellip;]<\/p>\n","protected":false},"author":1,"featured_media":0,"parent":0,"menu_order":0,"comment_status":"closed","ping_status":"closed","template":"","meta":{"footnotes":""},"class_list":["post-1591","page","type-page","status-publish","hentry"],"_links":{"self":[{"href":"https:\/\/spitalmioveni.ro\/index.php\/wp-json\/wp\/v2\/pages\/1591","targetHints":{"allow":["GET"]}}],"collection":[{"href":"https:\/\/spitalmioveni.ro\/index.php\/wp-json\/wp\/v2\/pages"}],"about":[{"href":"https:\/\/spitalmioveni.ro\/index.php\/wp-json\/wp\/v2\/types\/page"}],"author":[{"embeddable":true,"href":"https:\/\/spitalmioveni.ro\/index.php\/wp-json\/wp\/v2\/users\/1"}],"replies":[{"embeddable":true,"href":"https:\/\/spitalmioveni.ro\/index.php\/wp-json\/wp\/v2\/comments?post=1591"}],"version-history":[{"count":46,"href":"https:\/\/spitalmioveni.ro\/index.php\/wp-json\/wp\/v2\/pages\/1591\/revisions"}],"predecessor-version":[{"id":4160,"href":"https:\/\/spitalmioveni.ro\/index.php\/wp-json\/wp\/v2\/pages\/1591\/revisions\/4160"}],"wp:attachment":[{"href":"https:\/\/spitalmioveni.ro\/index.php\/wp-json\/wp\/v2\/media?parent=1591"}],"curies":[{"name":"wp","href":"https:\/\/api.w.org\/{rel}","templated":true}]}}